{"id":11,"date":"2022-11-29T22:16:29","date_gmt":"2022-11-29T21:16:29","guid":{"rendered":"http:\/\/eine-alternative.de\/wordpress\/?page_id=11"},"modified":"2022-12-10T22:32:23","modified_gmt":"2022-12-10T21:32:23","slug":"test","status":"publish","type":"page","link":"https:\/\/eine-alternative.de\/wordpress\/test\/","title":{"rendered":"Produkte"},"content":{"rendered":"\n<p>Von allen auf dieser Seite vorgestellten Produkte bin ich v\u00f6llig \u00fcberzeugt. Besitzen w\u00fcrde ich gerne alle. Finanziell habe ich mir bisher nur ein paar geleistet bisher. Hoffe aber das mein Bestand immer gr\u00f6\u00dfer wird. Ich w\u00fcrde mich freuen wenn Ihr die Produkte \u00fcber meine links kaufen w\u00fcrdet. Somit kann ich mir auch das ein oder andere dazu verdienen, welches vollst\u00e4ndig wieder hier rein flie\u00dfen wird. Bei einigen gibt Produkten tut auch hier von einem geringeren Kaufpreis profitieren. <\/p>\n\n\n\n<p><\/p>\n\n\n\n<p>1<br>2<br>3<br>4<br><\/p>\n","protected":false},"excerpt":{"rendered":"<p>Von allen auf dieser Seite vorgestellten Produkte bin ich v\u00f6llig \u00fcberzeugt. Besitzen w\u00fcrde ich gerne alle. Finanziell habe ich mir bisher nur ein paar geleistet bisher. Hoffe aber das mein Bestand immer gr\u00f6\u00dfer wird. Ich w\u00fcrde mich freuen wenn Ihr die Produkte \u00fcber meine links kaufen w\u00fcrdet. Somit kann ich mir auch das ein oder [&hellip;]<\/p>\n","protected":false},"author":1,"featured_media":0,"parent":0,"menu_order":0,"comment_status":"closed","ping_status":"closed","template":"","meta":{"footnotes":""},"class_list":["post-11","page","type-page","status-publish","hentry"],"_links":{"self":[{"href":"https:\/\/eine-alternative.de\/wordpress\/wp-json\/wp\/v2\/pages\/11","targetHints":{"allow":["GET"]}}],"collection":[{"href":"https:\/\/eine-alternative.de\/wordpress\/wp-json\/wp\/v2\/pages"}],"about":[{"href":"https:\/\/eine-alternative.de\/wordpress\/wp-json\/wp\/v2\/types\/page"}],"author":[{"embeddable":true,"href":"https:\/\/eine-alternative.de\/wordpress\/wp-json\/wp\/v2\/users\/1"}],"replies":[{"embeddable":true,"href":"https:\/\/eine-alternative.de\/wordpress\/wp-json\/wp\/v2\/comments?post=11"}],"version-history":[{"count":4,"href":"https:\/\/eine-alternative.de\/wordpress\/wp-json\/wp\/v2\/pages\/11\/revisions"}],"predecessor-version":[{"id":58,"href":"https:\/\/eine-alternative.de\/wordpress\/wp-json\/wp\/v2\/pages\/11\/revisions\/58"}],"wp:attachment":[{"href":"https:\/\/eine-alternative.de\/wordpress\/wp-json\/wp\/v2\/media?parent=11"}],"curies":[{"name":"wp","href":"https:\/\/api.w.org\/{rel}","templated":true}]}}