{"id":54,"date":"2022-12-10T22:25:04","date_gmt":"2022-12-10T21:25:04","guid":{"rendered":"https:\/\/eine-alternative.de\/wordpress\/?page_id=54"},"modified":"2022-12-10T22:25:04","modified_gmt":"2022-12-10T21:25:04","slug":"landwirtschaft-permakultur","status":"publish","type":"page","link":"https:\/\/eine-alternative.de\/wordpress\/landwirtschaft-permakultur\/","title":{"rendered":"Landwirtschaft \/  Permakultur"},"content":{"rendered":"\n<p>Hier kommt wohl mein l\u00e4ngstes und aufw\u00e4ndigstes Projekt. Durch den Antrieb meine Selbstversorgung weiter voranzutreiben und auch Qualitativ hochwertige Lebensmittel anzubauen ohne gro\u00df Pestizide zu nutzen und eine \u00dcberd\u00fcngung zu verursachen. Ebenso ist es mein Ziel hochwertiges Saatgut zu verwenden. Hin zu alten Sorten die von Natur aus Resistent sind. Hin zu einer Vielfalt und Sicherung unseres Erbes von Mutter Natur. <br><\/p>\n","protected":false},"excerpt":{"rendered":"<p>Hier kommt wohl mein l\u00e4ngstes und aufw\u00e4ndigstes Projekt. Durch den Antrieb meine Selbstversorgung weiter voranzutreiben und auch Qualitativ hochwertige Lebensmittel anzubauen ohne gro\u00df Pestizide zu nutzen und eine \u00dcberd\u00fcngung zu verursachen. Ebenso ist es mein Ziel hochwertiges Saatgut zu verwenden. Hin zu alten Sorten die von Natur aus Resistent sind. Hin zu einer Vielfalt und [&hellip;]<\/p>\n","protected":false},"author":1,"featured_media":0,"parent":0,"menu_order":0,"comment_status":"closed","ping_status":"closed","template":"","meta":{"footnotes":""},"class_list":["post-54","page","type-page","status-publish","hentry"],"_links":{"self":[{"href":"https:\/\/eine-alternative.de\/wordpress\/wp-json\/wp\/v2\/pages\/54","targetHints":{"allow":["GET"]}}],"collection":[{"href":"https:\/\/eine-alternative.de\/wordpress\/wp-json\/wp\/v2\/pages"}],"about":[{"href":"https:\/\/eine-alternative.de\/wordpress\/wp-json\/wp\/v2\/types\/page"}],"author":[{"embeddable":true,"href":"https:\/\/eine-alternative.de\/wordpress\/wp-json\/wp\/v2\/users\/1"}],"replies":[{"embeddable":true,"href":"https:\/\/eine-alternative.de\/wordpress\/wp-json\/wp\/v2\/comments?post=54"}],"version-history":[{"count":1,"href":"https:\/\/eine-alternative.de\/wordpress\/wp-json\/wp\/v2\/pages\/54\/revisions"}],"predecessor-version":[{"id":56,"href":"https:\/\/eine-alternative.de\/wordpress\/wp-json\/wp\/v2\/pages\/54\/revisions\/56"}],"wp:attachment":[{"href":"https:\/\/eine-alternative.de\/wordpress\/wp-json\/wp\/v2\/media?parent=54"}],"curies":[{"name":"wp","href":"https:\/\/api.w.org\/{rel}","templated":true}]}}