{"id":59,"date":"2022-12-10T22:55:10","date_gmt":"2022-12-10T21:55:10","guid":{"rendered":"https:\/\/eine-alternative.de\/wordpress\/?page_id=59"},"modified":"2023-04-07T22:18:02","modified_gmt":"2023-04-07T20:18:02","slug":"buecher","status":"publish","type":"page","link":"https:\/\/eine-alternative.de\/wordpress\/buecher\/","title":{"rendered":"B\u00fccher"},"content":{"rendered":"\n<p>hier ein paar B\u00fcchertipps<br><\/p>\n\n\n\n<p><a rel=\"noreferrer noopener\" href=\"https:\/\/www.amazon.de\/gp\/product\/377879308X?ie=UTF8&amp;psc=1&amp;linkCode=li1&amp;tag=ml0225-21&amp;linkId=c810e8ad91ed1d2f6151e4c1b6688369&amp;language=de_DE&amp;ref_=as_li_ss_il\" target=\"_blank\"><\/a><img loading=\"lazy\" decoding=\"async\" width=\"1\" height=\"1\" src=\"https:\/\/ir-de.amazon-adsystem.com\/e\/ir?t=ml0225-21&amp;language=de_DE&amp;l=li1&amp;o=3&amp;a=377879308X\" alt=\"\"><a rel=\"noreferrer noopener\" href=\"https:\/\/www.amazon.de\/gp\/product\/377879308X?ie=UTF8&amp;psc=1&amp;linkCode=li1&amp;tag=ml0225-21&amp;linkId=c810e8ad91ed1d2f6151e4c1b6688369&amp;language=de_DE&amp;ref_=as_li_ss_il\" target=\"_blank\"><\/a><img loading=\"lazy\" decoding=\"async\" width=\"1\" height=\"1\" src=\"https:\/\/ir-de.amazon-adsystem.com\/e\/ir?t=ml0225-21&amp;language=de_DE&amp;l=li1&amp;o=3&amp;a=377879308X\" alt=\"\">&#8211; <a rel=\"noreferrer noopener\" href=\"https:\/\/amzn.to\/3KEkqMq\" target=\"_blank\">Die Wim-Hof-Methode: Sprenge deine Grenzen und aktiviere dein volles Potenzial. Mit der Kraft der K\u00e4lte, bewusster Atmung und mentaler St\u00e4rke ges\u00fcnder, leistungsf\u00e4higer und gl\u00fccklicher werden<\/a><br>Vor diesem Mann kann man nur Respekt haben und v\u00f6llig faszinierend wozu der Mensch alles in der Lage ist. Sollte ein vorbild f\u00fcr jeden sein um sein Immunsystem zu st\u00e4rken.<\/p>\n\n\n\n<p>Clemens G. Arvay<br>Sehr interessante B\u00fccher und er war ein sehr sympatischer und netter Mensch. Fachlich sehr kompetent. Konnte immer alles verst\u00e4ndlich r\u00fcber bringen und mit Quellen belegen. <br><a rel=\"noreferrer noopener\" href=\"https:\/\/amzn.to\/3zBxnQY\" target=\"_blank\">&#8211; Der Heilungscode der Natur: Die verborgenen Kr\u00e4fte von Pflanzen und Tieren entdecken<\/a><br><a rel=\"noreferrer noopener\" href=\"https:\/\/amzn.to\/3KEIWx2\" target=\"_blank\">&#8211; Der Biophilia-Effekt: Heilung aus dem Wald | Das heilende Band zwischen Mensch und Natur<br><\/a><a rel=\"noreferrer noopener\" href=\"https:\/\/amzn.to\/3ZPqs1k\" target=\"_blank\">&#8211;  Wir k\u00f6nnen es besser: Wie Umweltzerst\u00f6rung die Corona-Pandemie ausl\u00f6ste und warum \u00f6kologische Medizin unsere Rettung ist<\/a><br><\/p>\n\n\n\n<p><a rel=\"noreferrer noopener\" href=\"https:\/\/amzn.to\/417dJIl\" target=\"_blank\">&#8211; Der Funke des Lebens<\/a><br>Sehr interessantes Buch \u00fcber Energie und deren Wirkung auf den menschlichen K\u00f6rper. Zum Teil etwas schwer zu lesen, aber es lohnt sich. <br><a rel=\"noreferrer noopener\" href=\"https:\/\/amzn.to\/40QqyXU\" target=\"_blank\">&#8211; Intelligente Zellen &#8211; Wie Erfahrungen unsere Gene steuern<br><\/a>Um mehr \u00fcber die Funktionen unserer Zellen zu lernen ein sehr interessantes Buch<br><a rel=\"noreferrer noopener\" href=\"https:\/\/amzn.to\/3KDHLhh\" target=\"_blank\">&#8211; Der Selbstheilungsnerv: So bringt der Vagus-Nerv Psyche und K\u00f6rper ins Gleichgewicht &#8211; Mit 8 einfachen \u00dcbungen. Hilft bei Migr\u00e4ne, &#8230; Migr\u00e4ne und autismusbedingten St\u00f6runge<br><\/a>Hier erf\u00e4hrt man viel \u00fcber den wichtigsten Nerv  in unserem K\u00f6rper und wof\u00fcr er alles gut ist bzw. was er steuert. Ebenso sind am Schluss ein paar \u00dcbungen drin wie man den Nerv stimuliert. Diese habe ich zum Teil in meinen Alttag integriert. <br><a rel=\"noreferrer noopener\" href=\"https:\/\/amzn.to\/3MmrnDe\" target=\"_blank\">&#8211; Atme und heile dich selbst: Wissenschaftlich belegte Atemtechniken f\u00fcr ein ges\u00fcnderes, gl\u00fccklicheres und l\u00e4ngeres Leben. Gegen Covid-19, Stress, &#8230; Bluthochdruck, Diabetes, Epilepsie, Migr\u00e4ne<br><\/a>Sehr umfangreiches Buch mit sehr vielen \u00dcbungen. Wer Wim Hof kennt der ebenfalls Atem\u00fcbungen bzw. eine Technik anwendet, wei\u00df bereits da, wie wichtig die Atmung f\u00fcr unsere Gesundheit ist. <br><a rel=\"noreferrer noopener\" href=\"https:\/\/amzn.to\/3GmtvqT\" target=\"_blank\">&#8211; Das Geheimnis des Lebens: Kosmische Wellen und vitale Schwingungen. Wie Zellen miteinander reden\u00a0<\/a><br>Sehr interessant welche Beobachtungen er durchgef\u00fchrt hat. Die Spule wende ich momentan bei meinen B\u00e4umen an, bin gespannt ob dies was bringt, vor allem bei den B\u00e4umen mit der Kr\u00e4uselkrankheit. Auch brauchte er die Gesundheit der Bev\u00f6lkerung anhand von der vorhandenen Bodenart in Verbindung.<br><a rel=\"noreferrer noopener\" href=\"https:\/\/amzn.to\/3ZQd9O7\" target=\"_blank\">&#8211; Bauchgef\u00fchle: Wie sie entstehen. Was sie uns sagen. Wie wir sie n\u00fctzen.<br><\/a>Soll man auf seinen Bauch h\u00f6ren, auf sein Herz den Verstand. Warum f\u00fchlen sich richtige Entscheidungen manchmal falsch an. Sehr aufschlussreiches Buch und auch der Author ist immer wieder interessant seine Videos bei YouTube zu sehen. <br><a rel=\"noreferrer noopener\" href=\"https:\/\/amzn.to\/3Gn8I6s\" target=\"_blank\">&#8211; Propaganda: Die Kunst der Public Relations<br><\/a>Das Standardwerk und ein muss wenn es um Propaganda und Meinungsbildung der Massen geht. Wie manipuliert man die Massen und gibt Ihnen eine Meinung vor. Das Buch dient als Grundlagenwerk. <br><a rel=\"noreferrer noopener\" href=\"https:\/\/amzn.to\/3nUcSwm\" target=\"_blank\">&#8211; Wie Sie Ihre Selbstheilungskr\u00e4fte aktivieren: Das Geheimnis von Gesundheit, Vitalit\u00e4t und Gl\u00fcck<br><\/a>sehr interessant, dem Titel ist nichts hinzuzuf\u00fcgen<br><a rel=\"noreferrer noopener\" href=\"https:\/\/amzn.to\/3UiN9tr\" target=\"_blank\">&#8211; Geheimnisvolle Zirbeldr\u00fcse: m\u00e4chtige Selbstheilungskr\u00e4fte aktivieren &#8211; das Bewusstsein erweitern &#8211; und das Dritte Auge \u00f6ffnen<br><\/a>Das wohl wichtigste Organ wor\u00fcber wir am wenigsten wissen bzw. informiert werden. Jeder sollte sich mit der Zirbeldr\u00fcse mehr informieren.<br><a rel=\"noreferrer noopener\" href=\"https:\/\/amzn.to\/3zDzrbh\" target=\"_blank\">&#8211; Das Problem der Steigerung der menschlichen Energie: Unter besonderer Bezugnahme auf die Nutzung der Sonnenenergie<\/a><br><a rel=\"noreferrer noopener\" href=\"https:\/\/amzn.to\/3mcFwsa\" target=\"_blank\">&#8211; Kosmische Energien richtig nutzen &#8211; Ges\u00fcnder l\u00e4nger leben: Das Buch f\u00fcr energetische Leistungsf\u00e4higkeit bis ins hohe Alter<br><\/a><a href=\"https:\/\/amzn.to\/43gpaz5\" target=\"_blank\" rel=\"noreferrer noopener\">&#8211; Heilen mit kosmischer Energie: Die Anwendung der Energiespirale<\/a><br><\/p>\n\n\n\n<p><a rel=\"noreferrer noopener\" href=\"https:\/\/amzn.to\/3UiALK0\" target=\"_blank\">&#8211; N\u00e4hrstoff-Therapie: Orthomolekulare Medizin &amp; Bioidentische Hormone: Mangel ausgleichen, Beschwerden lindern, Alterungsprozesse aufhalten<br><\/a>&#8211; <a rel=\"noreferrer noopener\" href=\"https:\/\/amzn.to\/3GquoOZ\" target=\"_blank\">N\u00e4hrstofftherapie<\/a><br><a rel=\"noreferrer noopener\" href=\"https:\/\/amzn.to\/3KgAxyB\" target=\"_blank\">&#8211; Referenzbuch Triggerpunkt Behandlung: Hilfe und Selbsthilfe. Triggerpunkte finden und l\u00f6sen. Manuelle Techniken und Selbsthilfe f\u00fcr Triggerpunkt Nacken, Kopf, R\u00fccken, Arme, H\u00fcfte, Beine und F\u00fc\u00dfe. <\/a><br><a rel=\"noreferrer noopener\" href=\"https:\/\/amzn.to\/3o0gPzm\" target=\"_blank\">&#8211; QUANTENPHYSIK F\u00dcR ANF\u00c4NGER: Die Schritt-f\u00fcr-Schritt-Anleitung zur Entdeckung aller verbl\u00fcffenden Geheimnisse der Quantenphysik und wie Sie deren ber\u00fchmteste Theorien unwissentlich nutzen<\/a><br><a rel=\"noreferrer noopener\" href=\"https:\/\/amzn.to\/3Mmtmre\" target=\"_blank\">&#8211; Einf\u00fchrung in die Dunkelfelddiagnostik. Die Untersuchung des Nativblutes nach Prof. Dr. G\u00fcnther Enderlein<\/a><br><a href=\"https:\/\/amzn.to\/43hLsAM\" target=\"_blank\" rel=\"noreferrer noopener\">&#8211; Die Sprache des Blutes verstehen: Das Blutbild und Blutwerte aussagen und warum sie f\u00fcr unsere Gesundheit so wichtig sind<br><\/a><a rel=\"noreferrer noopener\" href=\"https:\/\/amzn.to\/3Mmtmre\" target=\"_blank\"><br><\/a><\/p>\n\n\n\n<p><a rel=\"noreferrer noopener\" href=\"https:\/\/amzn.to\/3Kkt4i3\" target=\"_blank\">&#8211; Einf\u00fchrung in die Welt der Permakultur: Ihre ersten Schritte zum Selbstversorger &#8211; Das Handbuch f\u00fcr Einsteiger<br><\/a><a rel=\"noreferrer noopener\" href=\"https:\/\/amzn.to\/3ZPHgFo\" target=\"_blank\">&#8211; Einfach D\u00f6rren &amp; Trocknen: 100 Rezepte mit Obst, Gem\u00fcse, Fleisch, N\u00fcssen und mehr<br><\/a><a rel=\"noreferrer noopener\" href=\"https:\/\/amzn.to\/3MqV6e9\" target=\"_blank\">&#8211; D\u00f6rren &#8211; Aroma pur: Alle Basics und viele einfache Rezepte f\u00fcr Chips, Fruchtleder, D\u00f6rrbrot und Cracker, Gem\u00fcsepulver, Jerky und mehr<\/a><br><a rel=\"noreferrer noopener\" href=\"https:\/\/amzn.to\/41ct7D5\" target=\"_blank\">&#8211; Regrowing \u2013 Neue Triebe aus Obst- und Gem\u00fcseresten: F\u00fcr Garten, Balkon und Fensterbank<br><\/a><a href=\"https:\/\/amzn.to\/3ZN1Hmh\" target=\"_blank\" rel=\"noreferrer noopener\">&#8211; F\u00fcnf Hausmittel ersetzen eine Drogerie: Einfach mal selber machen! Mehr als 300 Anwendungen und 33 Rezepte, die Geld sparen und die Umwelt schonen<\/a><\/p>\n\n\n\n<p><\/p>\n","protected":false},"excerpt":{"rendered":"<p>hier ein paar B\u00fcchertipps &#8211; Die Wim-Hof-Methode: Sprenge deine Grenzen und aktiviere dein volles Potenzial. Mit der Kraft der K\u00e4lte, bewusster Atmung und mentaler St\u00e4rke ges\u00fcnder, leistungsf\u00e4higer und gl\u00fccklicher werdenVor diesem Mann kann man nur Respekt haben und v\u00f6llig faszinierend wozu der Mensch alles in der Lage ist. Sollte ein vorbild f\u00fcr jeden sein um [&hellip;]<\/p>\n","protected":false},"author":1,"featured_media":0,"parent":0,"menu_order":0,"comment_status":"closed","ping_status":"closed","template":"","meta":{"footnotes":""},"class_list":["post-59","page","type-page","status-publish","hentry"],"_links":{"self":[{"href":"https:\/\/eine-alternative.de\/wordpress\/wp-json\/wp\/v2\/pages\/59","targetHints":{"allow":["GET"]}}],"collection":[{"href":"https:\/\/eine-alternative.de\/wordpress\/wp-json\/wp\/v2\/pages"}],"about":[{"href":"https:\/\/eine-alternative.de\/wordpress\/wp-json\/wp\/v2\/types\/page"}],"author":[{"embeddable":true,"href":"https:\/\/eine-alternative.de\/wordpress\/wp-json\/wp\/v2\/users\/1"}],"replies":[{"embeddable":true,"href":"https:\/\/eine-alternative.de\/wordpress\/wp-json\/wp\/v2\/comments?post=59"}],"version-history":[{"count":4,"href":"https:\/\/eine-alternative.de\/wordpress\/wp-json\/wp\/v2\/pages\/59\/revisions"}],"predecessor-version":[{"id":174,"href":"https:\/\/eine-alternative.de\/wordpress\/wp-json\/wp\/v2\/pages\/59\/revisions\/174"}],"wp:attachment":[{"href":"https:\/\/eine-alternative.de\/wordpress\/wp-json\/wp\/v2\/media?parent=59"}],"curies":[{"name":"wp","href":"https:\/\/api.w.org\/{rel}","templated":true}]}}